{"id":16,"date":"2021-06-16T11:37:39","date_gmt":"2021-06-16T11:37:39","guid":{"rendered":"http:\/\/convivenatura.org\/?page_id=16"},"modified":"2022-03-16T11:33:20","modified_gmt":"2022-03-16T11:33:20","slug":"proyectos","status":"publish","type":"page","link":"https:\/\/convivenatura.org\/?page_id=16","title":{"rendered":"\u00bfEn qu\u00e9 trabajamos?"},"content":{"rendered":"\n<p>Gesti\u00f3n y conservaci\u00f3n de especies <\/p>\n\n\n\n<p>Proyectos de investigaci\u00f3n<\/p>\n\n\n\n<p>Perros detectores en proyectos ambientales<\/p>\n\n\n\n<p class=\"has-normal-font-size\">Cern\u00edcalo primilla: Primillares y seguimiento de poblaciones<\/p>\n\n\n\n<p>Restauraci\u00f3n biol\u00f3gica y fomento de la biodiversidad<\/p>\n\n\n\n<p>Custodia del territorio<\/p>\n\n\n\n<p>Formaci\u00f3n espec\u00edfica para el manejo de fauna<\/p>\n\n\n\n<figure class=\"wp-block-gallery has-nested-images columns-default is-cropped wp-block-gallery-1 is-layout-flex wp-block-gallery-is-layout-flex\">\n<figure class=\"wp-block-image size-large is-style-rounded\"><img loading=\"lazy\" decoding=\"async\" width=\"1024\" height=\"683\" data-id=\"156\" src=\"http:\/\/convivenatura.org\/wp-content\/uploads\/2022\/03\/1624294718611-1024x683.jpg\" alt=\"\" class=\"wp-image-156\" srcset=\"https:\/\/convivenatura.org\/wp-content\/uploads\/2022\/03\/1624294718611-1024x683.jpg 1024w, https:\/\/convivenatura.org\/wp-content\/uploads\/2022\/03\/1624294718611-300x200.jpg 300w, https:\/\/convivenatura.org\/wp-content\/uploads\/2022\/03\/1624294718611-768x512.jpg 768w, https:\/\/convivenatura.org\/wp-content\/uploads\/2022\/03\/1624294718611-1536x1024.jpg 1536w, https:\/\/convivenatura.org\/wp-content\/uploads\/2022\/03\/1624294718611-2048x1366.jpg 2048w, https:\/\/convivenatura.org\/wp-content\/uploads\/2022\/03\/1624294718611-450x300.jpg 450w\" sizes=\"auto, (max-width: 1024px) 100vw, 1024px\" \/><figcaption>Gesti\u00f3n y conservaci\u00f3n de especies<\/figcaption><\/figure>\n\n\n\n<figure class=\"wp-block-image size-large is-style-rounded\"><img loading=\"lazy\" decoding=\"async\" width=\"1024\" height=\"683\" data-id=\"157\" src=\"http:\/\/convivenatura.org\/wp-content\/uploads\/2022\/03\/1624294591920-1024x683.jpg\" alt=\"\" class=\"wp-image-157\" srcset=\"https:\/\/convivenatura.org\/wp-content\/uploads\/2022\/03\/1624294591920-1024x683.jpg 1024w, https:\/\/convivenatura.org\/wp-content\/uploads\/2022\/03\/1624294591920-300x200.jpg 300w, https:\/\/convivenatura.org\/wp-content\/uploads\/2022\/03\/1624294591920-768x512.jpg 768w, https:\/\/convivenatura.org\/wp-content\/uploads\/2022\/03\/1624294591920-1536x1024.jpg 1536w, https:\/\/convivenatura.org\/wp-content\/uploads\/2022\/03\/1624294591920-2048x1365.jpg 2048w, https:\/\/convivenatura.org\/wp-content\/uploads\/2022\/03\/1624294591920-450x300.jpg 450w\" sizes=\"auto, (max-width: 1024px) 100vw, 1024px\" \/><figcaption>Proyectos de investigaci\u00f3n<\/figcaption><\/figure>\n\n\n\n<figure class=\"wp-block-image size-full is-style-rounded\"><img loading=\"lazy\" decoding=\"async\" width=\"792\" height=\"728\" data-id=\"160\" src=\"http:\/\/convivenatura.org\/wp-content\/uploads\/2022\/03\/YDBV8265bis-2.jpg\" alt=\"\" class=\"wp-image-160\" srcset=\"https:\/\/convivenatura.org\/wp-content\/uploads\/2022\/03\/YDBV8265bis-2.jpg 792w, https:\/\/convivenatura.org\/wp-content\/uploads\/2022\/03\/YDBV8265bis-2-300x276.jpg 300w, https:\/\/convivenatura.org\/wp-content\/uploads\/2022\/03\/YDBV8265bis-2-768x706.jpg 768w, https:\/\/convivenatura.org\/wp-content\/uploads\/2022\/03\/YDBV8265bis-2-326x300.jpg 326w\" sizes=\"auto, (max-width: 792px) 100vw, 792px\" \/><figcaption>Perros detectores en proyectos ambientales<\/figcaption><\/figure>\n\n\n\n<figure class=\"wp-block-image size-full is-style-rounded\"><img loading=\"lazy\" decoding=\"async\" width=\"976\" height=\"652\" data-id=\"161\" src=\"http:\/\/convivenatura.org\/wp-content\/uploads\/2022\/03\/primilla.png\" alt=\"\" class=\"wp-image-161\" srcset=\"https:\/\/convivenatura.org\/wp-content\/uploads\/2022\/03\/primilla.png 976w, https:\/\/convivenatura.org\/wp-content\/uploads\/2022\/03\/primilla-300x200.png 300w, https:\/\/convivenatura.org\/wp-content\/uploads\/2022\/03\/primilla-768x513.png 768w, https:\/\/convivenatura.org\/wp-content\/uploads\/2022\/03\/primilla-449x300.png 449w\" sizes=\"auto, (max-width: 976px) 100vw, 976px\" \/><figcaption>Conservaci\u00f3n de cern\u00edcalo primilla: Primillares y seguimiento de poblaciones.<\/figcaption><\/figure>\n\n\n\n<figure class=\"wp-block-image size-large is-style-default\"><img loading=\"lazy\" decoding=\"async\" width=\"1024\" height=\"717\" data-id=\"162\" src=\"http:\/\/convivenatura.org\/wp-content\/uploads\/2022\/03\/captura1-1024x717.png\" alt=\"\" class=\"wp-image-162\" srcset=\"https:\/\/convivenatura.org\/wp-content\/uploads\/2022\/03\/captura1-1024x717.png 1024w, https:\/\/convivenatura.org\/wp-content\/uploads\/2022\/03\/captura1-300x210.png 300w, https:\/\/convivenatura.org\/wp-content\/uploads\/2022\/03\/captura1-768x537.png 768w, https:\/\/convivenatura.org\/wp-content\/uploads\/2022\/03\/captura1-429x300.png 429w, https:\/\/convivenatura.org\/wp-content\/uploads\/2022\/03\/captura1.png 1029w\" sizes=\"auto, (max-width: 1024px) 100vw, 1024px\" \/><figcaption>Restauraci\u00f3n biol\u00f3gica y potenciaci\u00f3n de la biodiversidad<\/figcaption><\/figure>\n<\/figure>\n\n\n\n<p>ENTIDADES COLABORADORAS<\/p>\n\n\n\n<div class=\"wp-block-group\"><div class=\"wp-block-group__inner-container is-layout-flow wp-block-group-is-layout-flow\">\n<div class=\"wp-block-group\"><div class=\"wp-block-group__inner-container is-layout-flow wp-block-group-is-layout-flow\">\n<figure class=\"wp-block-gallery has-nested-images columns-default is-cropped wp-block-gallery-2 is-layout-flex wp-block-gallery-is-layout-flex\">\n<figure class=\"wp-block-image size-full is-style-rounded\"><img loading=\"lazy\" decoding=\"async\" width=\"598\" height=\"378\" data-id=\"175\" src=\"http:\/\/convivenatura.org\/wp-content\/uploads\/2022\/03\/miteco-3.png\" alt=\"\" class=\"wp-image-175\" srcset=\"https:\/\/convivenatura.org\/wp-content\/uploads\/2022\/03\/miteco-3.png 598w, https:\/\/convivenatura.org\/wp-content\/uploads\/2022\/03\/miteco-3-300x190.png 300w, https:\/\/convivenatura.org\/wp-content\/uploads\/2022\/03\/miteco-3-475x300.png 475w\" sizes=\"auto, (max-width: 598px) 100vw, 598px\" \/><figcaption><strong><em>MINISTERIO PARA LA TRANSICI\u00d3N ECOL\u00d3GICA Y EL RETO DEMOGR\u00c1FICO (MITECO) &#8211; ESPA\u00d1A<\/em><\/strong><\/figcaption><\/figure>\n\n\n\n<figure class=\"wp-block-image size-full is-style-rounded\"><img loading=\"lazy\" decoding=\"async\" width=\"216\" height=\"197\" data-id=\"176\" src=\"http:\/\/convivenatura.org\/wp-content\/uploads\/2022\/03\/MEDIO-AMBIENTE-ECUADOR-1.png\" alt=\"\" class=\"wp-image-176\"\/><figcaption><em><strong>MINISTERIO DEL AMBIENTE DE ECUADOR<\/strong><\/em><\/figcaption><\/figure>\n\n\n\n<figure class=\"wp-block-image size-full is-style-rounded\"><img loading=\"lazy\" decoding=\"async\" width=\"839\" height=\"787\" data-id=\"177\" src=\"http:\/\/convivenatura.org\/wp-content\/uploads\/2022\/03\/Logo-PCAHE-3.jpg\" alt=\"\" class=\"wp-image-177\" srcset=\"https:\/\/convivenatura.org\/wp-content\/uploads\/2022\/03\/Logo-PCAHE-3.jpg 839w, https:\/\/convivenatura.org\/wp-content\/uploads\/2022\/03\/Logo-PCAHE-3-300x281.jpg 300w, https:\/\/convivenatura.org\/wp-content\/uploads\/2022\/03\/Logo-PCAHE-3-768x720.jpg 768w, https:\/\/convivenatura.org\/wp-content\/uploads\/2022\/03\/Logo-PCAHE-3-320x300.jpg 320w\" sizes=\"auto, (max-width: 839px) 100vw, 839px\" \/><figcaption><strong><em>PROGRAMA DE CONSERVACI\u00d3N DEL \u00c1GUILA HARP\u00cdA EN ECUADOR<\/em><\/strong><\/figcaption><\/figure>\n\n\n\n<figure class=\"wp-block-image size-full is-style-rounded\"><img loading=\"lazy\" decoding=\"async\" width=\"211\" height=\"154\" data-id=\"178\" src=\"http:\/\/convivenatura.org\/wp-content\/uploads\/2022\/03\/accipiter_asociacion-1.png\" alt=\"\" class=\"wp-image-178\"\/><figcaption><em><strong>ACCIPITER. CETRER\u00cdA Y CONSERVACI\u00d3N DE AVES RAPACES EN ECUADOR<\/strong><\/em><\/figcaption><\/figure>\n\n\n\n<figure class=\"wp-block-image size-full is-style-rounded\"><img loading=\"lazy\" decoding=\"async\" width=\"198\" height=\"88\" data-id=\"186\" src=\"http:\/\/convivenatura.org\/wp-content\/uploads\/2022\/03\/Captura_softfutur.png\" alt=\"\" class=\"wp-image-186\"\/><figcaption><em><strong>SOFT-FUTUR. SOLUCIONES INFORM\u00c1TICAS<\/strong><\/em><\/figcaption><\/figure>\n\n\n\n<figure class=\"wp-block-image size-large is-style-rounded\"><img loading=\"lazy\" decoding=\"async\" width=\"1024\" height=\"1024\" data-id=\"187\" src=\"http:\/\/convivenatura.org\/wp-content\/uploads\/2022\/03\/LOGO-PINEA-BAJA-1024x1024.png\" alt=\"\" class=\"wp-image-187\" srcset=\"https:\/\/convivenatura.org\/wp-content\/uploads\/2022\/03\/LOGO-PINEA-BAJA-1024x1024.png 1024w, https:\/\/convivenatura.org\/wp-content\/uploads\/2022\/03\/LOGO-PINEA-BAJA-300x300.png 300w, https:\/\/convivenatura.org\/wp-content\/uploads\/2022\/03\/LOGO-PINEA-BAJA-150x150.png 150w, https:\/\/convivenatura.org\/wp-content\/uploads\/2022\/03\/LOGO-PINEA-BAJA-768x768.png 768w, https:\/\/convivenatura.org\/wp-content\/uploads\/2022\/03\/LOGO-PINEA-BAJA.png 1134w\" sizes=\"auto, (max-width: 1024px) 100vw, 1024px\" \/><figcaption><em><strong>PINEA. PROYECTOS AMBIENTALES<\/strong><\/em><\/figcaption><\/figure>\n\n\n\n<figure class=\"wp-block-image size-full is-style-rounded\"><img loading=\"lazy\" decoding=\"async\" width=\"328\" height=\"259\" data-id=\"180\" src=\"http:\/\/convivenatura.org\/wp-content\/uploads\/2022\/03\/ZERYNTHIA.png\" alt=\"\" class=\"wp-image-180\" srcset=\"https:\/\/convivenatura.org\/wp-content\/uploads\/2022\/03\/ZERYNTHIA.png 328w, https:\/\/convivenatura.org\/wp-content\/uploads\/2022\/03\/ZERYNTHIA-300x237.png 300w\" sizes=\"auto, (max-width: 328px) 100vw, 328px\" \/><figcaption><em><strong>ASOCIACION ZERYNTHIA<\/strong><\/em><\/figcaption><\/figure>\n\n\n\n<figure class=\"wp-block-image size-large is-style-rounded\"><img loading=\"lazy\" decoding=\"async\" width=\"820\" height=\"909\" data-id=\"167\" src=\"http:\/\/convivenatura.org\/wp-content\/uploads\/2022\/03\/sniper-nose_logo-2.png\" alt=\"\" class=\"wp-image-167\" srcset=\"https:\/\/convivenatura.org\/wp-content\/uploads\/2022\/03\/sniper-nose_logo-2.png 820w, https:\/\/convivenatura.org\/wp-content\/uploads\/2022\/03\/sniper-nose_logo-2-271x300.png 271w, https:\/\/convivenatura.org\/wp-content\/uploads\/2022\/03\/sniper-nose_logo-2-768x851.png 768w\" sizes=\"auto, (max-width: 820px) 100vw, 820px\" \/><figcaption><em><strong>SNIPER NOSE<\/strong><\/em><\/figcaption><\/figure>\n<\/figure>\n<\/div><\/div>\n<\/div><\/div>\n\n\n\n<div class=\"wp-block-group\"><div class=\"wp-block-group__inner-container is-layout-flow wp-block-group-is-layout-flow\"><\/div><\/div>\n","protected":false},"excerpt":{"rendered":"<p>Gesti\u00f3n y conservaci\u00f3n de especies Proyectos de investigaci\u00f3n Perros detectores en proyectos ambientales Cern\u00edcalo primilla: Primillares y seguimiento de poblaciones Restauraci\u00f3n biol\u00f3gica y fomento de &hellip;<\/p>\n","protected":false},"author":1,"featured_media":115,"parent":0,"menu_order":0,"comment_status":"closed","ping_status":"closed","template":"","meta":{"footnotes":""},"class_list":["post-16","page","type-page","status-publish","has-post-thumbnail","hentry"],"_links":{"self":[{"href":"https:\/\/convivenatura.org\/index.php?rest_route=\/wp\/v2\/pages\/16","targetHints":{"allow":["GET"]}}],"collection":[{"href":"https:\/\/convivenatura.org\/index.php?rest_route=\/wp\/v2\/pages"}],"about":[{"href":"https:\/\/convivenatura.org\/index.php?rest_route=\/wp\/v2\/types\/page"}],"author":[{"embeddable":true,"href":"https:\/\/convivenatura.org\/index.php?rest_route=\/wp\/v2\/users\/1"}],"replies":[{"embeddable":true,"href":"https:\/\/convivenatura.org\/index.php?rest_route=%2Fwp%2Fv2%2Fcomments&post=16"}],"version-history":[{"count":6,"href":"https:\/\/convivenatura.org\/index.php?rest_route=\/wp\/v2\/pages\/16\/revisions"}],"predecessor-version":[{"id":188,"href":"https:\/\/convivenatura.org\/index.php?rest_route=\/wp\/v2\/pages\/16\/revisions\/188"}],"wp:featuredmedia":[{"embeddable":true,"href":"https:\/\/convivenatura.org\/index.php?rest_route=\/wp\/v2\/media\/115"}],"wp:attachment":[{"href":"https:\/\/convivenatura.org\/index.php?rest_route=%2Fwp%2Fv2%2Fmedia&parent=16"}],"curies":[{"name":"wp","href":"https:\/\/api.w.org\/{rel}","templated":true}]}}